{"id":221,"date":"2023-05-09T07:33:53","date_gmt":"2023-05-09T07:33:53","guid":{"rendered":"https:\/\/www.mondeyapi.com.tr\/?page_id=221"},"modified":"2023-05-23T07:16:40","modified_gmt":"2023-05-23T07:16:40","slug":"hakkimizda","status":"publish","type":"page","link":"https:\/\/www.mondeyapi.com.tr\/en\/hakkimizda\/","title":{"rendered":"ABOUT US"},"content":{"rendered":"<div class=\"row align-center\"  id=\"row-488277867\">\n\n\t<div id=\"col-306153936\" class=\"col small-12 large-12\"  >\n\t\t\t\t<div class=\"col-inner\"  >\n\t\t\t\n\t\t\t\n\t<div class=\"img has-hover x md-x lg-x y md-y lg-y\" id=\"image_992294960\">\n\t\t\t\t\t\t\t\t<div class=\"img-inner dark\" >\n\t\t\t<img decoding=\"async\" width=\"1300\" height=\"400\" src=\"https:\/\/www.mondeyapi.com.tr\/en\/wp-content\/uploads\/2023\/05\/about-us.png\" class=\"attachment-original size-original\" alt=\"\" srcset=\"https:\/\/www.mondeyapi.com.tr\/en\/wp-content\/uploads\/2023\/05\/about-us.png 1300w, https:\/\/www.mondeyapi.com.tr\/en\/wp-content\/uploads\/2023\/05\/about-us-300x92.png 300w, https:\/\/www.mondeyapi.com.tr\/en\/wp-content\/uploads\/2023\/05\/about-us-1024x315.png 1024w, https:\/\/www.mondeyapi.com.tr\/en\/wp-content\/uploads\/2023\/05\/about-us-768x236.png 768w\" sizes=\"(max-width: 1300px) 100vw, 1300px\" \/>\t\t\t\t\t\t\n\t\t\t\t\t<\/div>\n\t\t\t\t\t\t\t\t\n<style>\n#image_992294960 {\n  width: 100%;\n}\n<\/style>\n\t<\/div>\n\t\n\t\t<\/div>\n\t\t\t\t\t<\/div>\n\n\t\n\n\t<div id=\"col-402991325\" class=\"col medium-8 small-12 large-8\"  >\n\t\t\t\t<div class=\"col-inner\"  >\n\t\t\t\n\t\t\t\n<p>It is our, MONDE YAPI S\u0130STEMLER\u0130 SANAY\u0130 VE T\u0130CARET ANON\u0130M \u015e\u0130RKET\u0130, honor for having our signature under several projects we successfully delivered both in Turkey and abroad for 20 years.<\/p>\n<p>We do serve bespoke project design, installation and technical support\/service with quality oriented service philosophy under the ISO 9001:2008 \u2013 UKAS certificate thanks to our experienced team.<\/p>\n<p>Our team has long-term experience in architecture, installation both in theory and practice. We pay high attention to detail, artistry as well as the philosophy behind the projects we do.<\/p>\n\t\t<\/div>\n\t\t\t\t\t<\/div>\n\n\t\n<\/div>\n","protected":false},"excerpt":{"rendered":"","protected":false},"author":1,"featured_media":0,"parent":0,"menu_order":0,"comment_status":"closed","ping_status":"closed","template":"","meta":{"footnotes":""},"class_list":["post-221","page","type-page","status-publish","hentry"],"_links":{"self":[{"href":"https:\/\/www.mondeyapi.com.tr\/en\/wp-json\/wp\/v2\/pages\/221","targetHints":{"allow":["GET"]}}],"collection":[{"href":"https:\/\/www.mondeyapi.com.tr\/en\/wp-json\/wp\/v2\/pages"}],"about":[{"href":"https:\/\/www.mondeyapi.com.tr\/en\/wp-json\/wp\/v2\/types\/page"}],"author":[{"embeddable":true,"href":"https:\/\/www.mondeyapi.com.tr\/en\/wp-json\/wp\/v2\/users\/1"}],"replies":[{"embeddable":true,"href":"https:\/\/www.mondeyapi.com.tr\/en\/wp-json\/wp\/v2\/comments?post=221"}],"version-history":[{"count":11,"href":"https:\/\/www.mondeyapi.com.tr\/en\/wp-json\/wp\/v2\/pages\/221\/revisions"}],"predecessor-version":[{"id":835,"href":"https:\/\/www.mondeyapi.com.tr\/en\/wp-json\/wp\/v2\/pages\/221\/revisions\/835"}],"wp:attachment":[{"href":"https:\/\/www.mondeyapi.com.tr\/en\/wp-json\/wp\/v2\/media?parent=221"}],"curies":[{"name":"wp","href":"https:\/\/api.w.org\/{rel}","templated":true}]}}